{"id":253,"date":"2019-03-16T13:57:31","date_gmt":"2019-03-16T12:57:31","guid":{"rendered":"https:\/\/haller.pmachinery.de\/wordpress\/?page_id=253"},"modified":"2023-12-23T19:26:48","modified_gmt":"2023-12-23T18:26:48","slug":"haller-16","status":"publish","type":"page","link":"https:\/\/haller.pmachinery.de\/wordpress\/die-veroeffentlichungen\/die-ausgaben-11-20\/haller-16","title":{"rendered":"Haller 16"},"content":{"rendered":"<p><a href=\"https:\/\/www.pmachinery.de\/haller\/ressources\/2019\/haller16cover01500.jpg\" rel=\"lightbox[253]\"><img loading=\"lazy\" decoding=\"async\" class=\"alignright\" style=\"border: 1px solid white; margin-left: 10px; margin-right: 10px;\" src=\"https:\/\/www.pmachinery.de\/haller\/ressources\/2019\/haller16cover01250.jpg\" alt=\"\" width=\"250\" height=\"400\" \/><\/a>Corinna Griesbach (Hrsg.)<br \/>\n<strong>WAHRE KUNST<\/strong><br \/>\n<strong>Du siehst was, was ich nicht sehe<\/strong><br \/>\nHALLER 16<br \/>\nHALLER @ p.machinery, Winnert, M\u00e4rz 2019, 332 Seiten, Paperback<br \/>\nISBN 978 3 95765 155 6 \u2013 <strong>EUR 14,90 (DE)<\/strong><br \/>\nE-Book: ISBN 978 3 7438 9846 2 \u2013 <strong>EUR 7,49 (DE)<\/strong><\/p>\n<p>Es gibt zwei M\u00f6glichkeiten, sich der Kunst zu stellen: wegwerfen oder sammeln. Abrei\u00dfen oder bewahren. So ist die Frage \u00bbIst das Kunst oder kann das weg?\u00ab durch eindeutige Statements von Reinigungspersonal, durch gut gemeinte Restaurierungsversuche an christlich gepr\u00e4gter und \u00e4gyptischer Kunst tatkr\u00e4ftig beantwortet worden, und wird heute oft ganz praktisch anhand von Architektur, mit und in der wir leben (m\u00fcssen), beantwortet.<br \/>\nSeelisch erschlagen von den Betonriesen der 60er und 70er Jahre sehnen einige deren Abriss herbei, andere begeistert der Zeitgeist dieser Geb\u00e4ude.<br \/>\nUnsere Autoren besch\u00e4ftigen im Rahmen der ewigen Frage nach wahrer Kunst die Themen \u00bbMusik\u00ab, \u00bbdas Bildermachen\u00ab, \u00bbLiteratur\u00ab, \u00bbK\u00f6rperkunst\u00ab, \u00bbBetrachtung von Kunst\u00ab und \u00bbVernissageerlebnisse\u00ab, \u00bbPreisverleihungen\u00ab, \u00bbBiografisches\u00ab, und auch das Genre Science-Fiction ist zum Thema \u00bbWahre Kunst\u00ab vertreten.<\/p>\n<p><a href=\"https:\/\/www.pmachinery.de\/haller\/ressources\/2019\/haller16cover02500.jpg\" rel=\"lightbox[253]\"><img loading=\"lazy\" decoding=\"async\" class=\"alignright\" style=\"border: 1px solid white; margin-left: 10px; margin-right: 10px;\" src=\"https:\/\/www.pmachinery.de\/haller\/ressources\/2019\/haller16cover02250.jpg\" alt=\"\" width=\"250\" height=\"400\" \/><\/a>Kurzgeschichten von Inga Adams, Gerhard Benigni, Emma Benker, Nicola Bittscheidt, Martin Bl\u00e4ttner, blume, Ralf Burnicki, Arno Endler, Casjen Griesel, Ulf Gro\u00dfmann, Michael Guery, Henning G\u00fcnther, Jonis Hartmann, Carsten Hein, Andreas Heindl, Stefan Heyer, Gerald Jatzek, Jonas Kissel, Klaus Klausens, Hartmut Holger Kraske, Stefanie Leistner, Kunigunde Lindner, Fabian Lutz, Brigitta Michel-Schwartze, Karl Johann M\u00fcller, Anna Noah, Ritterherz, Friedhelm Rudolph, Sven Safarow, Kai Savelsberg, Regina Schleheck, Saza Schr\u00f6der, Marlene Schulz, Bernd Schumann, Christiane Schwarze, Martin Schwietzke, Johann Seidl, Nele Sickel, Gard Spirlin, Claire Walka, Fiona Weber, Peter Zemla und Pedro Zobel<br \/>\nLyriken von DoubleYEaSi, Raoul Eisele, Stefan Heyer, Michael Hillen, Gerald Jatzek, Andrea Maria Kerstinger, Bastian Kienitz, J\u00f6rg Kleemann, Norbert Leitgeb, Romina Lutzeb\u00e4ck, Susanne Mathies, Eline Menke, M. T. Nielsen, Jutta von Ochsenstein, Rolf Polander, Hermann Ruf, Kai Savelsberg, Katja Schraml, Saza Schr\u00f6der, Christof Schwaiger, Christian Schwetz, Johann Seidl, Christine Tippelreiter, Angela Wiedermann und Anne Z\u00e4nkert<br \/>\nIllustrationen von Kai Savelsberg<\/p>\n","protected":false},"excerpt":{"rendered":"<p>Corinna Griesbach (Hrsg.) WAHRE KUNST Du siehst was, was ich nicht sehe HALLER 16 HALLER @ p.machinery, Winnert, M\u00e4rz 2019, 332 Seiten, Paperback ISBN 978 3 95765 155 6 \u2013 EUR 14,90 (DE) E-Book: ISBN 978 3 7438 9846 2 &hellip; <a href=\"https:\/\/haller.pmachinery.de\/wordpress\/die-veroeffentlichungen\/die-ausgaben-11-20\/haller-16\">Continue reading <span class=\"meta-nav\">&rarr;<\/span><\/a><\/p>\n","protected":false},"author":1,"featured_media":0,"parent":39,"menu_order":3984,"comment_status":"closed","ping_status":"closed","template":"","meta":{"footnotes":""},"class_list":["post-253","page","type-page","status-publish","hentry"],"_links":{"self":[{"href":"https:\/\/haller.pmachinery.de\/wordpress\/wp-json\/wp\/v2\/pages\/253","targetHints":{"allow":["GET"]}}],"collection":[{"href":"https:\/\/haller.pmachinery.de\/wordpress\/wp-json\/wp\/v2\/pages"}],"about":[{"href":"https:\/\/haller.pmachinery.de\/wordpress\/wp-json\/wp\/v2\/types\/page"}],"author":[{"embeddable":true,"href":"https:\/\/haller.pmachinery.de\/wordpress\/wp-json\/wp\/v2\/users\/1"}],"replies":[{"embeddable":true,"href":"https:\/\/haller.pmachinery.de\/wordpress\/wp-json\/wp\/v2\/comments?post=253"}],"version-history":[{"count":0,"href":"https:\/\/haller.pmachinery.de\/wordpress\/wp-json\/wp\/v2\/pages\/253\/revisions"}],"up":[{"embeddable":true,"href":"https:\/\/haller.pmachinery.de\/wordpress\/wp-json\/wp\/v2\/pages\/39"}],"wp:attachment":[{"href":"https:\/\/haller.pmachinery.de\/wordpress\/wp-json\/wp\/v2\/media?parent=253"}],"curies":[{"name":"wp","href":"https:\/\/api.w.org\/{rel}","templated":true}]}}