{"id":58,"date":"2015-03-09T18:31:11","date_gmt":"2015-03-09T17:31:11","guid":{"rendered":"http:\/\/haller.pmachinery.de\/wordpress\/?page_id=58"},"modified":"2020-10-23T08:47:52","modified_gmt":"2020-10-23T07:47:52","slug":"impressum","status":"publish","type":"page","link":"https:\/\/haller.pmachinery.de\/wordpress\/impressum","title":{"rendered":"Impressum"},"content":{"rendered":"<p><strong>HALLER @ p.machinery <\/strong>ist ein Projekt von<\/p>\n<ul>\n<li><strong><em>p.<\/em><\/strong><strong>machinery Michael Haitel | <\/strong>Norderweg 31 | 25887 Winnert | michael @ haitel.de | Fernsprecher +49 (4845) 3539956 (CLIP only) | Fernbild +49 (4845) 3539958 | VAT ID DE189832110 | ISBN-Pr\u00e4fix 978-3-942533, 978-3-95765 | Verantwortlich im Sinne des Presserechts und anderer gesetzlicher Vorschriften.<\/li>\n<\/ul>\n<p>Herausgeber, k\u00fcnstlerische Beratung etc.:<\/p>\n<ul>\n<li><b>Corinna Griesbach<\/b> | Schaufenberg 2 | 52156 Monschau | info @ literaturzeitschrift-haller.de<\/li>\n<\/ul>\n<p>S\u00e4mtliche Ver\u00f6ffentlichungen dieser Netzseite sind urheberrechtlich gesch\u00fctzt.<br \/>\n\u00a9 2018 p.machinery Michael Haitel &amp; Corinna Griesbach<\/p>\n<p>Plattform der EU-Kommission zur Online-Streitbeilegung:<br \/>\n<a href=\"https:\/\/ec.europa.eu\/consumers\/odr\/\" target=\"_blank\" rel=\"noopener noreferrer\">Sprachauswahl<\/a> | <a href=\"https:\/\/ec.europa.eu\/consumers\/odr\/main\/index.cfm?event=main.home2.show&amp;lng=DE\" target=\"_blank\" rel=\"noopener noreferrer\">Deutsch<\/a> | <a href=\"https:\/\/shopbetreiber-blog.de\/2016\/01\/08\/verbraucherschlichtung-neue-infopflichten-ab-9-januar-2016\/\" target=\"_blank\" rel=\"noopener noreferrer\">Weiterf\u00fchrende Infos<\/a><br \/>\nWir sind allerdings nicht verpflichtet und auch nicht bereit, an einem Streitbeilegungsverfahren vor einer Verbraucherschlichtungsstelle teilzunehmen.<\/p>\n<p><strong>Datenschutz<\/strong><\/p>\n<p>Wir haben unserer umfangreichen Datenschutzerkl\u00e4rung eine eigene Seite spendiert: <a href=\"https:\/\/haller.pmachinery.de\/wordpress\/datenschutz\" target=\"_blank\" rel=\"noopener noreferrer\">hier<\/a>.<\/p>\n<p><strong>Allgemeine Gesch\u00e4ftsbedingungen, AGB<\/strong><\/p>\n<p>Wir arbeiten nicht mit Allgemeinen Gesch\u00e4ftsbedingungen (AGB).<br \/>\nEs gilt deutsches Recht.<br \/>\nSofern eine Gesch\u00e4ftsbeziehung zwischen Ihnen und uns entsteht, werden die Details besprochen und schriftlich fixiert; nicht besprochene oder schriftlich fixierte Details unterliegen eben deutschem Recht.<br \/>\nWir sind der Ansicht, dass das deutsche Recht geschaffen wurde, um g\u00fcltig zu sein &#8211; und nicht, um durch irgendwelche selbsterfundenen AGB ausgehebelt zu werden. Wenn wir uns streiten wollen, streiten wir sowieso &#8211; ob mit oder ohne AGB.<br \/>\nSofern Sie unsere B\u00fccher kaufen, gelten die AGB der jeweiligen Verk\u00e4ufer (wie z.B. amazon.de, Libri, BoD usw. usf.).<\/p>\n","protected":false},"excerpt":{"rendered":"<p>HALLER @ p.machinery ist ein Projekt von p.machinery Michael Haitel | Norderweg 31 | 25887 Winnert | michael @ haitel.de | Fernsprecher +49 (4845) 3539956 (CLIP only) | Fernbild +49 (4845) 3539958 | VAT ID DE189832110 | ISBN-Pr\u00e4fix 978-3-942533, 978-3-95765 &hellip; <a href=\"https:\/\/haller.pmachinery.de\/wordpress\/impressum\">Continue reading <span class=\"meta-nav\">&rarr;<\/span><\/a><\/p>\n","protected":false},"author":1,"featured_media":0,"parent":0,"menu_order":9000,"comment_status":"closed","ping_status":"closed","template":"","meta":{"footnotes":""},"class_list":["post-58","page","type-page","status-publish","hentry"],"_links":{"self":[{"href":"https:\/\/haller.pmachinery.de\/wordpress\/wp-json\/wp\/v2\/pages\/58","targetHints":{"allow":["GET"]}}],"collection":[{"href":"https:\/\/haller.pmachinery.de\/wordpress\/wp-json\/wp\/v2\/pages"}],"about":[{"href":"https:\/\/haller.pmachinery.de\/wordpress\/wp-json\/wp\/v2\/types\/page"}],"author":[{"embeddable":true,"href":"https:\/\/haller.pmachinery.de\/wordpress\/wp-json\/wp\/v2\/users\/1"}],"replies":[{"embeddable":true,"href":"https:\/\/haller.pmachinery.de\/wordpress\/wp-json\/wp\/v2\/comments?post=58"}],"version-history":[{"count":0,"href":"https:\/\/haller.pmachinery.de\/wordpress\/wp-json\/wp\/v2\/pages\/58\/revisions"}],"wp:attachment":[{"href":"https:\/\/haller.pmachinery.de\/wordpress\/wp-json\/wp\/v2\/media?parent=58"}],"curies":[{"name":"wp","href":"https:\/\/api.w.org\/{rel}","templated":true}]}}